{"id":90,"date":"2025-11-21T21:35:29","date_gmt":"2025-11-21T21:35:29","guid":{"rendered":"https:\/\/ostsee.philippramsch.de\/index.php\/home\/"},"modified":"2026-04-16T13:53:12","modified_gmt":"2026-04-16T13:53:12","slug":"home","status":"publish","type":"page","link":"https:\/\/ostsee-sportspiele.de\/","title":{"rendered":"Home"},"content":{"rendered":"\t\t<div data-elementor-type=\"wp-page\" data-elementor-id=\"90\" class=\"elementor elementor-90\" data-elementor-settings=\"{&quot;element_pack_global_tooltip_width&quot;:{&quot;unit&quot;:&quot;px&quot;,&quot;size&quot;:&quot;&quot;,&quot;sizes&quot;:[]},&quot;element_pack_global_tooltip_width_tablet&quot;:{&quot;unit&quot;:&quot;px&quot;,&quot;size&quot;:&quot;&quot;,&quot;sizes&quot;:[]},&quot;element_pack_global_tooltip_width_mobile&quot;:{&quot;unit&quot;:&quot;px&quot;,&quot;size&quot;:&quot;&quot;,&quot;sizes&quot;:[]},&quot;element_pack_global_tooltip_padding&quot;:{&quot;unit&quot;:&quot;px&quot;,&quot;top&quot;:&quot;&quot;,&quot;right&quot;:&quot;&quot;,&quot;bottom&quot;:&quot;&quot;,&quot;left&quot;:&quot;&quot;,&quot;isLinked&quot;:true},&quot;element_pack_global_tooltip_padding_tablet&quot;:{&quot;unit&quot;:&quot;px&quot;,&quot;top&quot;:&quot;&quot;,&quot;right&quot;:&quot;&quot;,&quot;bottom&quot;:&quot;&quot;,&quot;left&quot;:&quot;&quot;,&quot;isLinked&quot;:true},&quot;element_pack_global_tooltip_padding_mobile&quot;:{&quot;unit&quot;:&quot;px&quot;,&quot;top&quot;:&quot;&quot;,&quot;right&quot;:&quot;&quot;,&quot;bottom&quot;:&quot;&quot;,&quot;left&quot;:&quot;&quot;,&quot;isLinked&quot;:true},&quot;element_pack_global_tooltip_border_radius&quot;:{&quot;unit&quot;:&quot;px&quot;,&quot;top&quot;:&quot;&quot;,&quot;right&quot;:&quot;&quot;,&quot;bottom&quot;:&quot;&quot;,&quot;left&quot;:&quot;&quot;,&quot;isLinked&quot;:true},&quot;element_pack_global_tooltip_border_radius_tablet&quot;:{&quot;unit&quot;:&quot;px&quot;,&quot;top&quot;:&quot;&quot;,&quot;right&quot;:&quot;&quot;,&quot;bottom&quot;:&quot;&quot;,&quot;left&quot;:&quot;&quot;,&quot;isLinked&quot;:true},&quot;element_pack_global_tooltip_border_radius_mobile&quot;:{&quot;unit&quot;:&quot;px&quot;,&quot;top&quot;:&quot;&quot;,&quot;right&quot;:&quot;&quot;,&quot;bottom&quot;:&quot;&quot;,&quot;left&quot;:&quot;&quot;,&quot;isLinked&quot;:true}}\" data-elementor-post-type=\"page\">\n\t\t\t\t<div class=\"elementor-element elementor-element-60d74ac9 e-flex e-con-boxed e-con e-parent\" data-id=\"60d74ac9\" data-element_type=\"container\" data-e-type=\"container\">\n\t\t\t\t\t<div class=\"e-con-inner\">\n\t\t<div class=\"elementor-element elementor-element-24bc11dd e-con-full e-flex e-con e-child\" data-id=\"24bc11dd\" data-element_type=\"container\" data-e-type=\"container\">\n\t\t\t\t<div class=\"elementor-element elementor-element-1fef58c4 elementor-invisible elementor-widget elementor-widget-heading\" data-id=\"1fef58c4\" data-element_type=\"widget\" data-e-type=\"widget\" data-settings=\"{&quot;_animation&quot;:&quot;fadeIn&quot;}\" data-widget_type=\"heading.default\">\n\t\t\t\t\t<h1 class=\"elementor-heading-title elementor-size-default\">OSTSEE SPORTSPIELE 2026 \n<\/h1>\t\t\t\t<\/div>\n\t\t\t\t<div class=\"elementor-element elementor-element-de89197 elementor-invisible elementor-widget elementor-widget-heading\" data-id=\"de89197\" data-element_type=\"widget\" data-e-type=\"widget\" data-settings=\"{&quot;_animation&quot;:&quot;fadeIn&quot;}\" data-widget_type=\"heading.default\">\n\t\t\t\t\t<div class=\"elementor-heading-title elementor-size-default\">Das Sportwochenende voller H\u00f6hepunkte<\/div>\t\t\t\t<\/div>\n\t\t\t\t<\/div>\n\t\t<div class=\"elementor-element elementor-element-33bd5629 e-con-full e-flex e-con e-child\" data-id=\"33bd5629\" data-element_type=\"container\" data-e-type=\"container\">\n\t\t\t\t<div class=\"elementor-element elementor-element-5f5d649 elementor-widget elementor-widget-text-editor\" data-id=\"5f5d649\" data-element_type=\"widget\" data-e-type=\"widget\" data-widget_type=\"text-editor.default\">\n\t\t\t\t\t\t\t\t\t<p>Vom\u00a0<b>13.-14.06.2026 <\/b>verwandelt sich der APEX OstSee Sportpark und der M\u00f6bel-H\u00f6ffner-Parkplatz in Cottbus-Willmersdorf zur B\u00fchne der <b>6. OSTSEE Sportspiele<\/b>.<\/p><p><b>30 Events &#8211; 20 verschiedene Sportarten<\/b><\/p><h2 style=\"margin: 20px 0px 5px; padding: 0px; font-size: 24px; font-weight: 600; color: #3c9ec3;\"><strong>#cottbusersportfamilie<\/strong><\/h2>\t\t\t\t\t\t\t\t<\/div>\n\t\t\t\t<\/div>\n\t\t\t\t\t<\/div>\n\t\t\t\t<\/div>\n\t\t<div class=\"elementor-element elementor-element-f34f254 e-flex e-con-boxed e-con e-parent\" data-id=\"f34f254\" data-element_type=\"container\" data-e-type=\"container\">\n\t\t\t\t\t<div class=\"e-con-inner\">\n\t\t\t\t<div class=\"elementor-element elementor-element-e52dff0 elementor-countdown--label-block elementor-widget elementor-widget-countdown\" data-id=\"e52dff0\" data-element_type=\"widget\" data-e-type=\"widget\" data-widget_type=\"countdown.default\">\n\t\t\t\t\t\t\t<div data-expire-actions=\"[{&quot;type&quot;:&quot;hide&quot;}]\" class=\"elementor-countdown-wrapper\" data-date=\"1781344800\">\n\t\t\t<div class=\"elementor-countdown-item\"><span class=\"elementor-countdown-digits elementor-countdown-days\"><\/span> <span class=\"elementor-countdown-label\">Tage<\/span><\/div><div class=\"elementor-countdown-item\"><span class=\"elementor-countdown-digits elementor-countdown-hours\"><\/span> <span class=\"elementor-countdown-label\">Stunden<\/span><\/div><div class=\"elementor-countdown-item\"><span class=\"elementor-countdown-digits elementor-countdown-minutes\"><\/span> <span class=\"elementor-countdown-label\">Minuten<\/span><\/div><div class=\"elementor-countdown-item\"><span class=\"elementor-countdown-digits elementor-countdown-seconds\"><\/span> <span class=\"elementor-countdown-label\">Sekunden<\/span><\/div>\t\t<\/div>\n\t\t\t\t\t\t<\/div>\n\t\t\t\t<div class=\"elementor-element elementor-element-f574479 elementor-widget elementor-widget-spacer\" data-id=\"f574479\" data-element_type=\"widget\" data-e-type=\"widget\" data-widget_type=\"spacer.default\">\n\t\t\t\t\t\t\t<div class=\"elementor-spacer\">\n\t\t\t<div class=\"elementor-spacer-inner\"><\/div>\n\t\t<\/div>\n\t\t\t\t\t\t<\/div>\n\t\t\t\t\t<\/div>\n\t\t\t\t<\/div>\n\t\t<div class=\"elementor-element elementor-element-4435ab0c e-flex e-con-boxed e-con e-parent\" data-id=\"4435ab0c\" data-element_type=\"container\" data-e-type=\"container\" data-settings=\"{&quot;background_background&quot;:&quot;classic&quot;}\">\n\t\t\t\t\t<div class=\"e-con-inner\">\n\t\t\t\t\t<\/div>\n\t\t\t\t<\/div>\n\t\t<div class=\"elementor-element elementor-element-a0310a3 e-flex e-con-boxed e-con e-parent\" data-id=\"a0310a3\" data-element_type=\"container\" data-e-type=\"container\">\n\t\t\t\t\t<div class=\"e-con-inner\">\n\t\t<div class=\"elementor-element elementor-element-3c2aebee e-con-full e-flex e-con e-child\" data-id=\"3c2aebee\" data-element_type=\"container\" data-e-type=\"container\">\n\t\t\t\t<div class=\"elementor-element elementor-element-1e691b40 elementor-invisible elementor-widget elementor-widget-image\" data-id=\"1e691b40\" data-element_type=\"widget\" data-e-type=\"widget\" data-settings=\"{&quot;_animation&quot;:&quot;fadeIn&quot;}\" data-widget_type=\"image.default\">\n\t\t\t\t\t\t\t\t\t\t\t\t\t\t\t<img fetchpriority=\"high\" decoding=\"async\" width=\"800\" height=\"534\" src=\"https:\/\/ostsee-sportspiele.de\/wp-content\/uploads\/2026\/03\/Feuerwehr-1024x683.jpg\" class=\"attachment-large size-large wp-image-1016\" alt=\"\" srcset=\"https:\/\/ostsee-sportspiele.de\/wp-content\/uploads\/2026\/03\/Feuerwehr-1024x683.jpg 1024w, https:\/\/ostsee-sportspiele.de\/wp-content\/uploads\/2026\/03\/Feuerwehr-300x200.jpg 300w, https:\/\/ostsee-sportspiele.de\/wp-content\/uploads\/2026\/03\/Feuerwehr-768x512.jpg 768w, https:\/\/ostsee-sportspiele.de\/wp-content\/uploads\/2026\/03\/Feuerwehr.jpg 1500w\" sizes=\"(max-width: 800px) 100vw, 800px\" \/>\t\t\t\t\t\t\t\t\t\t\t\t\t\t\t<\/div>\n\t\t\t\t<div class=\"elementor-element elementor-element-70f1e35a elementor-invisible elementor-widget elementor-widget-image\" data-id=\"70f1e35a\" data-element_type=\"widget\" data-e-type=\"widget\" data-settings=\"{&quot;_animation&quot;:&quot;fadeIn&quot;,&quot;_animation_delay&quot;:200}\" data-widget_type=\"image.default\">\n\t\t\t\t\t\t\t\t\t\t\t\t\t\t\t<img decoding=\"async\" width=\"800\" height=\"534\" src=\"https:\/\/ostsee-sportspiele.de\/wp-content\/uploads\/2026\/02\/ostseerun-1024x683.jpg\" class=\"attachment-large size-large wp-image-984\" alt=\"\" srcset=\"https:\/\/ostsee-sportspiele.de\/wp-content\/uploads\/2026\/02\/ostseerun-1024x683.jpg 1024w, https:\/\/ostsee-sportspiele.de\/wp-content\/uploads\/2026\/02\/ostseerun-300x200.jpg 300w, https:\/\/ostsee-sportspiele.de\/wp-content\/uploads\/2026\/02\/ostseerun-768x512.jpg 768w, https:\/\/ostsee-sportspiele.de\/wp-content\/uploads\/2026\/02\/ostseerun.jpg 1500w\" sizes=\"(max-width: 800px) 100vw, 800px\" \/>\t\t\t\t\t\t\t\t\t\t\t\t\t\t\t<\/div>\n\t\t\t\t<\/div>\n\t\t<div class=\"elementor-element elementor-element-5325d157 e-con-full e-flex e-con e-child\" data-id=\"5325d157\" data-element_type=\"container\" data-e-type=\"container\">\n\t\t\t\t<div class=\"elementor-element elementor-element-7629426 elementor-invisible elementor-widget elementor-widget-image\" data-id=\"7629426\" data-element_type=\"widget\" data-e-type=\"widget\" data-settings=\"{&quot;_animation&quot;:&quot;fadeIn&quot;,&quot;_animation_delay&quot;:400}\" data-widget_type=\"image.default\">\n\t\t\t\t\t\t\t\t\t\t\t\t\t\t\t<img decoding=\"async\" width=\"800\" height=\"453\" src=\"https:\/\/ostsee-sportspiele.de\/wp-content\/uploads\/2025\/11\/Download-15-1024x580.jpeg\" class=\"attachment-large size-large wp-image-195\" alt=\"\" srcset=\"https:\/\/ostsee-sportspiele.de\/wp-content\/uploads\/2025\/11\/Download-15-1024x580.jpeg 1024w, https:\/\/ostsee-sportspiele.de\/wp-content\/uploads\/2025\/11\/Download-15-300x170.jpeg 300w, https:\/\/ostsee-sportspiele.de\/wp-content\/uploads\/2025\/11\/Download-15-768x435.jpeg 768w, https:\/\/ostsee-sportspiele.de\/wp-content\/uploads\/2025\/11\/Download-15-1536x869.jpeg 1536w, https:\/\/ostsee-sportspiele.de\/wp-content\/uploads\/2025\/11\/Download-15-2048x1159.jpeg 2048w\" sizes=\"(max-width: 800px) 100vw, 800px\" \/>\t\t\t\t\t\t\t\t\t\t\t\t\t\t\t<\/div>\n\t\t\t\t<div class=\"elementor-element elementor-element-2355487d elementor-invisible elementor-widget elementor-widget-image\" data-id=\"2355487d\" data-element_type=\"widget\" data-e-type=\"widget\" data-settings=\"{&quot;_animation&quot;:&quot;fadeIn&quot;,&quot;_animation_delay&quot;:600}\" data-widget_type=\"image.default\">\n\t\t\t\t\t\t\t\t\t\t\t\t\t\t\t<img loading=\"lazy\" decoding=\"async\" width=\"800\" height=\"534\" src=\"https:\/\/ostsee-sportspiele.de\/wp-content\/uploads\/2026\/03\/beachvolleyball-1024x683.jpg\" class=\"attachment-large size-large wp-image-1165\" alt=\"\" srcset=\"https:\/\/ostsee-sportspiele.de\/wp-content\/uploads\/2026\/03\/beachvolleyball-1024x683.jpg 1024w, https:\/\/ostsee-sportspiele.de\/wp-content\/uploads\/2026\/03\/beachvolleyball-300x200.jpg 300w, https:\/\/ostsee-sportspiele.de\/wp-content\/uploads\/2026\/03\/beachvolleyball-768x512.jpg 768w, https:\/\/ostsee-sportspiele.de\/wp-content\/uploads\/2026\/03\/beachvolleyball.jpg 1500w\" sizes=\"(max-width: 800px) 100vw, 800px\" \/>\t\t\t\t\t\t\t\t\t\t\t\t\t\t\t<\/div>\n\t\t\t\t<\/div>\n\t\t<div class=\"elementor-element elementor-element-8d08f6 e-con-full e-flex e-con e-child\" data-id=\"8d08f6\" data-element_type=\"container\" data-e-type=\"container\">\n\t\t\t\t<div class=\"elementor-element elementor-element-bbaa477 elementor-invisible elementor-widget elementor-widget-heading\" data-id=\"bbaa477\" data-element_type=\"widget\" data-e-type=\"widget\" data-settings=\"{&quot;_animation&quot;:&quot;fadeIn&quot;}\" data-widget_type=\"heading.default\">\n\t\t\t\t\t<h2 class=\"elementor-heading-title elementor-size-default\">Ein Event f\u00fcr die ganze Familie \u2013 Sport, Show &amp; Gemeinschaft<\/h2>\t\t\t\t<\/div>\n\t\t\t\t<div class=\"elementor-element elementor-element-0cb13b3 elementor-widget elementor-widget-text-editor\" data-id=\"0cb13b3\" data-element_type=\"widget\" data-e-type=\"widget\" data-widget_type=\"text-editor.default\">\n\t\t\t\t\t\t\t\t\t<p>Ob Laufwettbewerbe, Fu\u00dfballturniere, die Familienecke, kreative Mitmachangebote oder die gro\u00dfe OSTSEE Party \u2013 die OSTSEE Sportspiele bieten ein vielseitiges Programm f\u00fcr <b>Kinder, Jugendliche, Erwachsene und Vereine <\/b>gleicherma\u00dfen.<br \/>Auftritte regionaler Vereine, Showacts, Spielstationen, Kinder-Rallye, Bogenschie\u00dfen und spektakul\u00e4re Wettk\u00e4mpfe sorgten f\u00fcr durchgehende Begeisterung bei allen G\u00e4sten.<\/p>\t\t\t\t\t\t\t\t<\/div>\n\t\t<div class=\"elementor-element elementor-element-df56ada e-grid e-con-full e-con e-child\" data-id=\"df56ada\" data-element_type=\"container\" data-e-type=\"container\">\n\t\t\t\t<div class=\"elementor-element elementor-element-5ac2a8f elementor-tablet-align-center elementor-mobile-align-center elementor-widget__width-inherit elementor-align-center elementor-invisible elementor-widget elementor-widget-button\" data-id=\"5ac2a8f\" data-element_type=\"widget\" data-e-type=\"widget\" data-settings=\"{&quot;_animation&quot;:&quot;fadeIn&quot;,&quot;_animation_delay&quot;:200}\" data-widget_type=\"button.default\">\n\t\t\t\t\t\t\t\t\t\t<a class=\"elementor-button elementor-button-link elementor-size-sm\" href=\"https:\/\/ostsee-sportspiele.de\/index.php\/ablaufplan\/\">\n\t\t\t\t\t\t<span class=\"elementor-button-content-wrapper\">\n\t\t\t\t\t\t\t\t\t<span class=\"elementor-button-text\">Zum Programm<\/span>\n\t\t\t\t\t<\/span>\n\t\t\t\t\t<\/a>\n\t\t\t\t\t\t\t\t<\/div>\n\t\t\t\t<div class=\"elementor-element elementor-element-246d00b elementor-tablet-align-center elementor-mobile-align-center elementor-widget__width-inherit elementor-align-left elementor-invisible elementor-widget elementor-widget-button\" data-id=\"246d00b\" data-element_type=\"widget\" data-e-type=\"widget\" data-settings=\"{&quot;_animation&quot;:&quot;fadeIn&quot;,&quot;_animation_delay&quot;:200}\" data-widget_type=\"button.default\">\n\t\t\t\t\t\t\t\t\t\t<a class=\"elementor-button elementor-button-link elementor-size-sm\" href=\"https:\/\/ostsee-sportspiele.de\/wp-content\/uploads\/2026\/04\/flyer_ostsee_sportspiele_2026.pdf\" target=\"_blank\">\n\t\t\t\t\t\t<span class=\"elementor-button-content-wrapper\">\n\t\t\t\t\t\t\t\t\t<span class=\"elementor-button-text\">Flyer<\/span>\n\t\t\t\t\t<\/span>\n\t\t\t\t\t<\/a>\n\t\t\t\t\t\t\t\t<\/div>\n\t\t\t\t<\/div>\n\t\t\t\t<\/div>\n\t\t\t\t\t<\/div>\n\t\t\t\t<\/div>\n\t\t<div class=\"elementor-element elementor-element-18f270a1 e-flex e-con-boxed e-con e-parent\" data-id=\"18f270a1\" data-element_type=\"container\" data-e-type=\"container\">\n\t\t\t\t\t<div class=\"e-con-inner\">\n\t\t<div class=\"elementor-element elementor-element-2f1a89fc e-con-full e-flex e-con e-child\" data-id=\"2f1a89fc\" data-element_type=\"container\" data-e-type=\"container\">\n\t\t\t\t<div class=\"elementor-element elementor-element-148048fb elementor-widget elementor-widget-counter\" data-id=\"148048fb\" data-element_type=\"widget\" data-e-type=\"widget\" data-widget_type=\"counter.default\">\n\t\t\t\t\t\t\t<div class=\"elementor-counter\">\n\t\t\t\t\t\t<div class=\"elementor-counter-number-wrapper\">\n\t\t\t\t<span class=\"elementor-counter-number-prefix\"><\/span>\n\t\t\t\t<span class=\"elementor-counter-number\" data-duration=\"2000\" data-to-value=\"10000\" data-from-value=\"0\" data-delimiter=\".\">0<\/span>\n\t\t\t\t<span class=\"elementor-counter-number-suffix\">+<\/span>\n\t\t\t<\/div>\n\t\t<\/div>\n\t\t\t\t\t\t<\/div>\n\t\t\t\t<div class=\"elementor-element elementor-element-44333ac6 elementor-widget elementor-widget-image-box\" data-id=\"44333ac6\" data-element_type=\"widget\" data-e-type=\"widget\" data-widget_type=\"image-box.default\">\n\t\t\t\t\t<div class=\"elementor-image-box-wrapper\"><div class=\"elementor-image-box-content\"><h4 class=\"elementor-image-box-title\">Besucher*innen<\/h4><p class=\"elementor-image-box-description\">Ein sportliches Wochenende mit gro\u00dfartiger Stimmung und hoher Beteiligung aus der gesamten Region.<\/p><\/div><\/div>\t\t\t\t<\/div>\n\t\t\t\t<\/div>\n\t\t<div class=\"elementor-element elementor-element-3e21fd87 e-con-full e-flex e-con e-child\" data-id=\"3e21fd87\" data-element_type=\"container\" data-e-type=\"container\">\n\t\t\t\t<div class=\"elementor-element elementor-element-49fad37e elementor-widget elementor-widget-counter\" data-id=\"49fad37e\" data-element_type=\"widget\" data-e-type=\"widget\" data-widget_type=\"counter.default\">\n\t\t\t\t\t\t\t<div class=\"elementor-counter\">\n\t\t\t\t\t\t<div class=\"elementor-counter-number-wrapper\">\n\t\t\t\t<span class=\"elementor-counter-number-prefix\"><\/span>\n\t\t\t\t<span class=\"elementor-counter-number\" data-duration=\"2000\" data-to-value=\"3500\" data-from-value=\"0\" data-delimiter=\",\">0<\/span>\n\t\t\t\t<span class=\"elementor-counter-number-suffix\">+<\/span>\n\t\t\t<\/div>\n\t\t<\/div>\n\t\t\t\t\t\t<\/div>\n\t\t\t\t<div class=\"elementor-element elementor-element-35483891 elementor-widget elementor-widget-image-box\" data-id=\"35483891\" data-element_type=\"widget\" data-e-type=\"widget\" data-widget_type=\"image-box.default\">\n\t\t\t\t\t<div class=\"elementor-image-box-wrapper\"><div class=\"elementor-image-box-content\"><h4 class=\"elementor-image-box-title\">Aktive Sportler*innen<\/h4><p class=\"elementor-image-box-description\">Teilnehmende aus \u00fcber 20 Sportarten machten die OSTSEE SPORTSPIELE zu einem Highlight des Jahres.<\/p><\/div><\/div>\t\t\t\t<\/div>\n\t\t\t\t<\/div>\n\t\t<div class=\"elementor-element elementor-element-8fd83a8 e-con-full e-flex e-con e-child\" data-id=\"8fd83a8\" data-element_type=\"container\" data-e-type=\"container\">\n\t\t\t\t<div class=\"elementor-element elementor-element-7e907453 elementor-widget elementor-widget-counter\" data-id=\"7e907453\" data-element_type=\"widget\" data-e-type=\"widget\" data-widget_type=\"counter.default\">\n\t\t\t\t\t\t\t<div class=\"elementor-counter\">\n\t\t\t\t\t\t<div class=\"elementor-counter-number-wrapper\">\n\t\t\t\t<span class=\"elementor-counter-number-prefix\"><\/span>\n\t\t\t\t<span class=\"elementor-counter-number\" data-duration=\"2000\" data-to-value=\"500\" data-from-value=\"0\" data-delimiter=\",\">0<\/span>\n\t\t\t\t<span class=\"elementor-counter-number-suffix\">+<\/span>\n\t\t\t<\/div>\n\t\t<\/div>\n\t\t\t\t\t\t<\/div>\n\t\t\t\t<div class=\"elementor-element elementor-element-2777113a elementor-widget elementor-widget-image-box\" data-id=\"2777113a\" data-element_type=\"widget\" data-e-type=\"widget\" data-widget_type=\"image-box.default\">\n\t\t\t\t\t<div class=\"elementor-image-box-wrapper\"><div class=\"elementor-image-box-content\"><h4 class=\"elementor-image-box-title\">Kinder &amp; Jugendliche<\/h4><p class=\"elementor-image-box-description\">Vom Bambini-Lauf bis zum Dance Cup \u2013 ein gro\u00dfer Treffpunkt f\u00fcr den sportlichen Nachwuchs.<\/p><\/div><\/div>\t\t\t\t<\/div>\n\t\t\t\t<\/div>\n\t\t<div class=\"elementor-element elementor-element-7dd9f954 e-con-full e-flex e-con e-child\" data-id=\"7dd9f954\" data-element_type=\"container\" data-e-type=\"container\">\n\t\t\t\t<div class=\"elementor-element elementor-element-68e112e2 elementor-widget elementor-widget-counter\" data-id=\"68e112e2\" data-element_type=\"widget\" data-e-type=\"widget\" data-widget_type=\"counter.default\">\n\t\t\t\t\t\t\t<div class=\"elementor-counter\">\n\t\t\t\t\t\t<div class=\"elementor-counter-number-wrapper\">\n\t\t\t\t<span class=\"elementor-counter-number-prefix\"><\/span>\n\t\t\t\t<span class=\"elementor-counter-number\" data-duration=\"2000\" data-to-value=\"47\" data-from-value=\"0\" data-delimiter=\",\">0<\/span>\n\t\t\t\t<span class=\"elementor-counter-number-suffix\"><\/span>\n\t\t\t<\/div>\n\t\t<\/div>\n\t\t\t\t\t\t<\/div>\n\t\t\t\t<div class=\"elementor-element elementor-element-6afcc5c3 elementor-widget elementor-widget-image-box\" data-id=\"6afcc5c3\" data-element_type=\"widget\" data-e-type=\"widget\" data-widget_type=\"image-box.default\">\n\t\t\t\t\t<div class=\"elementor-image-box-wrapper\"><div class=\"elementor-image-box-content\"><h4 class=\"elementor-image-box-title\">Tanzgruppen beim Dance Cup<\/h4><p class=\"elementor-image-box-description\">Ein emotionaler H\u00f6hepunkt mit beeindruckenden Choreografien und einzigartiger Showatmosph\u00e4re.<\/p><\/div><\/div>\t\t\t\t<\/div>\n\t\t\t\t<\/div>\n\t\t\t\t\t<\/div>\n\t\t\t\t<\/div>\n\t\t<div class=\"elementor-element elementor-element-615187d e-flex e-con-boxed e-con e-parent\" data-id=\"615187d\" data-element_type=\"container\" data-e-type=\"container\">\n\t\t\t\t\t<div class=\"e-con-inner\">\n\t\t<div class=\"elementor-element elementor-element-8bb82f7 e-con-full e-flex e-con e-child\" data-id=\"8bb82f7\" data-element_type=\"container\" data-e-type=\"container\">\n\t\t\t\t<div class=\"elementor-element elementor-element-2a893f8 elementor-widget elementor-widget-image\" data-id=\"2a893f8\" data-element_type=\"widget\" data-e-type=\"widget\" data-widget_type=\"image.default\">\n\t\t\t\t\t\t\t\t\t\t\t\t\t\t\t<img loading=\"lazy\" decoding=\"async\" width=\"800\" height=\"800\" src=\"https:\/\/ostsee-sportspiele.de\/wp-content\/uploads\/2026\/03\/Volunteer1080x1080-1024x1024.jpg\" class=\"attachment-large size-large wp-image-1212\" alt=\"\" srcset=\"https:\/\/ostsee-sportspiele.de\/wp-content\/uploads\/2026\/03\/Volunteer1080x1080-1024x1024.jpg 1024w, https:\/\/ostsee-sportspiele.de\/wp-content\/uploads\/2026\/03\/Volunteer1080x1080-300x300.jpg 300w, https:\/\/ostsee-sportspiele.de\/wp-content\/uploads\/2026\/03\/Volunteer1080x1080-150x150.jpg 150w, https:\/\/ostsee-sportspiele.de\/wp-content\/uploads\/2026\/03\/Volunteer1080x1080-768x768.jpg 768w, https:\/\/ostsee-sportspiele.de\/wp-content\/uploads\/2026\/03\/Volunteer1080x1080.jpg 1080w\" sizes=\"(max-width: 800px) 100vw, 800px\" \/>\t\t\t\t\t\t\t\t\t\t\t\t\t\t\t<\/div>\n\t\t\t\t<\/div>\n\t\t<div class=\"elementor-element elementor-element-1a276f3 e-con-full e-flex e-con e-child\" data-id=\"1a276f3\" data-element_type=\"container\" data-e-type=\"container\">\n\t\t\t\t<div class=\"elementor-element elementor-element-160aa5b elementor-invisible elementor-widget elementor-widget-heading\" data-id=\"160aa5b\" data-element_type=\"widget\" data-e-type=\"widget\" data-settings=\"{&quot;_animation&quot;:&quot;fadeIn&quot;}\" data-widget_type=\"heading.default\">\n\t\t\t\t\t<h2 class=\"elementor-heading-title elementor-size-default\">Erlebe die OSTSEE SPORTSPIELE hautnah<\/h2>\t\t\t\t<\/div>\n\t\t\t\t<div class=\"elementor-element elementor-element-74a8fd4 elementor-widget elementor-widget-text-editor\" data-id=\"74a8fd4\" data-element_type=\"widget\" data-e-type=\"widget\" data-widget_type=\"text-editor.default\">\n\t\t\t\t\t\t\t\t\t<p>Die OSTSEE SPORTSPIELE stehen f\u00fcr Bewegung, Emotionen und ein Gemeinschaftsgef\u00fchl, das weit \u00fcber das Wochenende hinaus tr\u00e4gt. Ob als Zuschauerin, Sportlerin oder Unterst\u00fctzer*in \u2013 erlebe die vielf\u00e4ltigen Momente, die dieses Event jedes Jahr so besonders machen.<\/p><p><b>Werde Teil des Teams und erlebe die OSTSEE Sportspiele aus einem anderen Blickwinkel.<\/b><\/p><p><b>Werden OSTSEE Volunteer!<\/b><\/p>\t\t\t\t\t\t\t\t<\/div>\n\t\t\t\t<div class=\"elementor-element elementor-element-856d779 elementor-align-left elementor-widget__width-inherit elementor-invisible elementor-widget elementor-widget-button\" data-id=\"856d779\" data-element_type=\"widget\" data-e-type=\"widget\" data-settings=\"{&quot;_animation&quot;:&quot;fadeInDown&quot;}\" data-widget_type=\"button.default\">\n\t\t\t\t\t\t\t\t\t\t<a class=\"elementor-button elementor-button-link elementor-size-sm\" href=\"https:\/\/ostsee-sportspiele.de\/index.php\/volunteer\/\">\n\t\t\t\t\t\t<span class=\"elementor-button-content-wrapper\">\n\t\t\t\t\t\t\t\t\t<span class=\"elementor-button-text\">Werde Volunteer!<\/span>\n\t\t\t\t\t<\/span>\n\t\t\t\t\t<\/a>\n\t\t\t\t\t\t\t\t<\/div>\n\t\t\t\t<\/div>\n\t\t\t\t\t<\/div>\n\t\t\t\t<\/div>\n\t\t\t\t<\/div>\n\t\t","protected":false},"excerpt":{"rendered":"<p>OSTSEE SPORTSPIELE 2026 Das Sportwochenende voller H\u00f6hepunkte Vom\u00a013.-14.06.2026 verwandelt sich der APEX OstSee Sportpark und der M\u00f6bel-H\u00f6ffner-Parkplatz in Cottbus-Willmersdorf zur B\u00fchne der 6. OSTSEE Sportspiele. 30 Events &#8211; 20 verschiedene Sportarten #cottbusersportfamilie Tage Stunden Minuten Sekunden Ein Event f\u00fcr die ganze Familie \u2013 Sport, Show &amp; Gemeinschaft Ob Laufwettbewerbe, Fu\u00dfballturniere, die Familienecke, kreative Mitmachangebote oder [&hellip;]<\/p>\n","protected":false},"author":1,"featured_media":101,"parent":0,"menu_order":2,"comment_status":"closed","ping_status":"closed","template":"elementor_header_footer","meta":{"footnotes":""},"class_list":["post-90","page","type-page","status-publish","has-post-thumbnail","hentry"],"_links":{"self":[{"href":"https:\/\/ostsee-sportspiele.de\/index.php\/wp-json\/wp\/v2\/pages\/90","targetHints":{"allow":["GET"]}}],"collection":[{"href":"https:\/\/ostsee-sportspiele.de\/index.php\/wp-json\/wp\/v2\/pages"}],"about":[{"href":"https:\/\/ostsee-sportspiele.de\/index.php\/wp-json\/wp\/v2\/types\/page"}],"author":[{"embeddable":true,"href":"https:\/\/ostsee-sportspiele.de\/index.php\/wp-json\/wp\/v2\/users\/1"}],"replies":[{"embeddable":true,"href":"https:\/\/ostsee-sportspiele.de\/index.php\/wp-json\/wp\/v2\/comments?post=90"}],"version-history":[{"count":97,"href":"https:\/\/ostsee-sportspiele.de\/index.php\/wp-json\/wp\/v2\/pages\/90\/revisions"}],"predecessor-version":[{"id":1663,"href":"https:\/\/ostsee-sportspiele.de\/index.php\/wp-json\/wp\/v2\/pages\/90\/revisions\/1663"}],"wp:featuredmedia":[{"embeddable":true,"href":"https:\/\/ostsee-sportspiele.de\/index.php\/wp-json\/wp\/v2\/media\/101"}],"wp:attachment":[{"href":"https:\/\/ostsee-sportspiele.de\/index.php\/wp-json\/wp\/v2\/media?parent=90"}],"curies":[{"name":"wp","href":"https:\/\/api.w.org\/{rel}","templated":true}]}}