{"id":712,"date":"2026-02-19T11:20:18","date_gmt":"2026-02-19T11:20:18","guid":{"rendered":"https:\/\/ostsee.philippramsch.de\/?page_id=712"},"modified":"2026-04-28T13:10:56","modified_gmt":"2026-04-28T13:10:56","slug":"ostsee-kinder-rallye","status":"publish","type":"page","link":"https:\/\/ostsee-sportspiele.de\/index.php\/ablaufplan\/ostsee-kinder-rallye\/","title":{"rendered":"OSTSEE Kinder-Rallye"},"content":{"rendered":"\t\t<div data-elementor-type=\"wp-page\" data-elementor-id=\"712\" class=\"elementor elementor-712\" data-elementor-settings=\"{&quot;element_pack_global_tooltip_width&quot;:{&quot;unit&quot;:&quot;px&quot;,&quot;size&quot;:&quot;&quot;,&quot;sizes&quot;:[]},&quot;element_pack_global_tooltip_width_tablet&quot;:{&quot;unit&quot;:&quot;px&quot;,&quot;size&quot;:&quot;&quot;,&quot;sizes&quot;:[]},&quot;element_pack_global_tooltip_width_mobile&quot;:{&quot;unit&quot;:&quot;px&quot;,&quot;size&quot;:&quot;&quot;,&quot;sizes&quot;:[]},&quot;element_pack_global_tooltip_padding&quot;:{&quot;unit&quot;:&quot;px&quot;,&quot;top&quot;:&quot;&quot;,&quot;right&quot;:&quot;&quot;,&quot;bottom&quot;:&quot;&quot;,&quot;left&quot;:&quot;&quot;,&quot;isLinked&quot;:true},&quot;element_pack_global_tooltip_padding_tablet&quot;:{&quot;unit&quot;:&quot;px&quot;,&quot;top&quot;:&quot;&quot;,&quot;right&quot;:&quot;&quot;,&quot;bottom&quot;:&quot;&quot;,&quot;left&quot;:&quot;&quot;,&quot;isLinked&quot;:true},&quot;element_pack_global_tooltip_padding_mobile&quot;:{&quot;unit&quot;:&quot;px&quot;,&quot;top&quot;:&quot;&quot;,&quot;right&quot;:&quot;&quot;,&quot;bottom&quot;:&quot;&quot;,&quot;left&quot;:&quot;&quot;,&quot;isLinked&quot;:true},&quot;element_pack_global_tooltip_border_radius&quot;:{&quot;unit&quot;:&quot;px&quot;,&quot;top&quot;:&quot;&quot;,&quot;right&quot;:&quot;&quot;,&quot;bottom&quot;:&quot;&quot;,&quot;left&quot;:&quot;&quot;,&quot;isLinked&quot;:true},&quot;element_pack_global_tooltip_border_radius_tablet&quot;:{&quot;unit&quot;:&quot;px&quot;,&quot;top&quot;:&quot;&quot;,&quot;right&quot;:&quot;&quot;,&quot;bottom&quot;:&quot;&quot;,&quot;left&quot;:&quot;&quot;,&quot;isLinked&quot;:true},&quot;element_pack_global_tooltip_border_radius_mobile&quot;:{&quot;unit&quot;:&quot;px&quot;,&quot;top&quot;:&quot;&quot;,&quot;right&quot;:&quot;&quot;,&quot;bottom&quot;:&quot;&quot;,&quot;left&quot;:&quot;&quot;,&quot;isLinked&quot;:true}}\" data-elementor-post-type=\"page\">\n\t\t\t\t<div class=\"elementor-element elementor-element-528a8eeb e-flex e-con-boxed e-con e-parent\" data-id=\"528a8eeb\" data-element_type=\"container\" data-e-type=\"container\">\n\t\t\t\t\t<div class=\"e-con-inner\">\n\t\t<div class=\"elementor-element elementor-element-7626fff3 e-con-full e-flex e-con e-child\" data-id=\"7626fff3\" data-element_type=\"container\" data-e-type=\"container\">\n\t\t\t\t<div class=\"elementor-element elementor-element-54dcc552 elementor-widget elementor-widget-heading\" data-id=\"54dcc552\" data-element_type=\"widget\" data-e-type=\"widget\" data-widget_type=\"heading.default\">\n\t\t\t\t\t<h2 class=\"elementor-heading-title elementor-size-default\">OSTSEE Kinder-Ralley<\/h2>\t\t\t\t<\/div>\n\t\t\t\t<div class=\"elementor-element elementor-element-11b5f131 elementor-align-start elementor-icon-list--layout-traditional elementor-list-item-link-full_width elementor-widget elementor-widget-icon-list\" data-id=\"11b5f131\" data-element_type=\"widget\" data-e-type=\"widget\" data-widget_type=\"icon-list.default\">\n\t\t\t\t\t\t\t<ul class=\"elementor-icon-list-items\">\n\t\t\t\t\t\t\t<li class=\"elementor-icon-list-item\">\n\t\t\t\t\t\t\t\t\t\t\t<span class=\"elementor-icon-list-icon\">\n\t\t\t\t\t\t\t<svg aria-hidden=\"true\" class=\"e-font-icon-svg e-fas-user-tie\" viewBox=\"0 0 448 512\" xmlns=\"http:\/\/www.w3.org\/2000\/svg\"><path d=\"M224 256c70.7 0 128-57.3 128-128S294.7 0 224 0 96 57.3 96 128s57.3 128 128 128zm95.8 32.6L272 480l-32-136 32-56h-96l32 56-32 136-47.8-191.4C56.9 292 0 350.3 0 422.4V464c0 26.5 21.5 48 48 48h352c26.5 0 48-21.5 48-48v-41.6c0-72.1-56.9-130.4-128.2-133.8z\"><\/path><\/svg>\t\t\t\t\t\t<\/span>\n\t\t\t\t\t\t\t\t\t\t<span class=\"elementor-icon-list-text\">Veranstalter: Ballsportverein Cottbus e.V.<\/span>\n\t\t\t\t\t\t\t\t\t<\/li>\n\t\t\t\t\t\t\t\t<li class=\"elementor-icon-list-item\">\n\t\t\t\t\t\t\t\t\t\t\t<span class=\"elementor-icon-list-icon\">\n\t\t\t\t\t\t\t<svg aria-hidden=\"true\" class=\"e-font-icon-svg e-far-calendar-alt\" viewBox=\"0 0 448 512\" xmlns=\"http:\/\/www.w3.org\/2000\/svg\"><path d=\"M148 288h-40c-6.6 0-12-5.4-12-12v-40c0-6.6 5.4-12 12-12h40c6.6 0 12 5.4 12 12v40c0 6.6-5.4 12-12 12zm108-12v-40c0-6.6-5.4-12-12-12h-40c-6.6 0-12 5.4-12 12v40c0 6.6 5.4 12 12 12h40c6.6 0 12-5.4 12-12zm96 0v-40c0-6.6-5.4-12-12-12h-40c-6.6 0-12 5.4-12 12v40c0 6.6 5.4 12 12 12h40c6.6 0 12-5.4 12-12zm-96 96v-40c0-6.6-5.4-12-12-12h-40c-6.6 0-12 5.4-12 12v40c0 6.6 5.4 12 12 12h40c6.6 0 12-5.4 12-12zm-96 0v-40c0-6.6-5.4-12-12-12h-40c-6.6 0-12 5.4-12 12v40c0 6.6 5.4 12 12 12h40c6.6 0 12-5.4 12-12zm192 0v-40c0-6.6-5.4-12-12-12h-40c-6.6 0-12 5.4-12 12v40c0 6.6 5.4 12 12 12h40c6.6 0 12-5.4 12-12zm96-260v352c0 26.5-21.5 48-48 48H48c-26.5 0-48-21.5-48-48V112c0-26.5 21.5-48 48-48h48V12c0-6.6 5.4-12 12-12h40c6.6 0 12 5.4 12 12v52h128V12c0-6.6 5.4-12 12-12h40c6.6 0 12 5.4 12 12v52h48c26.5 0 48 21.5 48 48zm-48 346V160H48v298c0 3.3 2.7 6 6 6h340c3.3 0 6-2.7 6-6z\"><\/path><\/svg>\t\t\t\t\t\t<\/span>\n\t\t\t\t\t\t\t\t\t\t<span class=\"elementor-icon-list-text\">Termin: 13.06.2026<\/span>\n\t\t\t\t\t\t\t\t\t<\/li>\n\t\t\t\t\t\t\t\t<li class=\"elementor-icon-list-item\">\n\t\t\t\t\t\t\t\t\t\t\t<span class=\"elementor-icon-list-icon\">\n\t\t\t\t\t\t\t<svg aria-hidden=\"true\" class=\"e-font-icon-svg e-fas-clock\" viewBox=\"0 0 512 512\" xmlns=\"http:\/\/www.w3.org\/2000\/svg\"><path d=\"M256,8C119,8,8,119,8,256S119,504,256,504,504,393,504,256,393,8,256,8Zm92.49,313h0l-20,25a16,16,0,0,1-22.49,2.5h0l-67-49.72a40,40,0,0,1-15-31.23V112a16,16,0,0,1,16-16h32a16,16,0,0,1,16,16V256l58,42.5A16,16,0,0,1,348.49,321Z\"><\/path><\/svg>\t\t\t\t\t\t<\/span>\n\t\t\t\t\t\t\t\t\t\t<span class=\"elementor-icon-list-text\">Zeit: 12:30 Uhr<\/span>\n\t\t\t\t\t\t\t\t\t<\/li>\n\t\t\t\t\t\t\t\t<li class=\"elementor-icon-list-item\">\n\t\t\t\t\t\t\t\t\t\t\t<span class=\"elementor-icon-list-icon\">\n\t\t\t\t\t\t\t<svg aria-hidden=\"true\" class=\"e-font-icon-svg e-fas-map-marked\" viewBox=\"0 0 576 512\" xmlns=\"http:\/\/www.w3.org\/2000\/svg\"><path d=\"M288 0c-69.59 0-126 56.41-126 126 0 56.26 82.35 158.8 113.9 196.02 6.39 7.54 17.82 7.54 24.2 0C331.65 284.8 414 182.26 414 126 414 56.41 357.59 0 288 0zM20.12 215.95A32.006 32.006 0 0 0 0 245.66v250.32c0 11.32 11.43 19.06 21.94 14.86L160 448V214.92c-8.84-15.98-16.07-31.54-21.25-46.42L20.12 215.95zM288 359.67c-14.07 0-27.38-6.18-36.51-16.96-19.66-23.2-40.57-49.62-59.49-76.72v182l192 64V266c-18.92 27.09-39.82 53.52-59.49 76.72-9.13 10.77-22.44 16.95-36.51 16.95zm266.06-198.51L416 224v288l139.88-55.95A31.996 31.996 0 0 0 576 426.34V176.02c0-11.32-11.43-19.06-21.94-14.86z\"><\/path><\/svg>\t\t\t\t\t\t<\/span>\n\t\t\t\t\t\t\t\t\t\t<span class=\"elementor-icon-list-text\">Ort: APEX-OstseeSportpark Willmersdorf<\/span>\n\t\t\t\t\t\t\t\t\t<\/li>\n\t\t\t\t\t\t<\/ul>\n\t\t\t\t\t\t<\/div>\n\t\t<div class=\"elementor-element elementor-element-faa9490 e-con-full e-flex e-con e-child\" data-id=\"faa9490\" data-element_type=\"container\" data-e-type=\"container\">\n\t\t\t\t<div class=\"elementor-element elementor-element-9b74ad1 elementor-widget elementor-widget-text-editor\" data-id=\"9b74ad1\" data-element_type=\"widget\" data-e-type=\"widget\" data-widget_type=\"text-editor.default\">\n\t\t\t\t\t\t\t\t\t<p>Der Ballsportverein Cottbus e.V. wird f\u00fcr Herausforderungen und Spa\u00df f\u00fcr die Kinder sorgen.<\/p><p>Bei der OSTSEE Kinder-Ralley k\u00f6nnen sich die Kinder in verschiedenen Stationen ausprobieren und ihr Tempo, ihre Geschicklichkeit und ihr Ballgef\u00fchl unter Beweis stellen.<\/p><p>An jeder Station wird ein Stempel gesammelt und mit voller Stempelkarte warte eine \u00dcberraschung auf alle Teilnehmer.<\/p><p>Kommt vorbei, probiert es aus, AUF GEHT&#8217;S!<\/p>\t\t\t\t\t\t\t\t<\/div>\n\t\t\t\t<\/div>\n\t\t<div class=\"elementor-element elementor-element-dbda883 e-con-full e-flex e-con e-child\" data-id=\"dbda883\" data-element_type=\"container\" data-e-type=\"container\">\n\t\t\t\t<div class=\"elementor-element elementor-element-a84fb65 elementor-widget elementor-widget-image\" data-id=\"a84fb65\" data-element_type=\"widget\" data-e-type=\"widget\" data-widget_type=\"image.default\">\n\t\t\t\t\t\t\t\t\t\t\t\t\t\t\t<img fetchpriority=\"high\" decoding=\"async\" width=\"800\" height=\"296\" src=\"https:\/\/ostsee-sportspiele.de\/wp-content\/uploads\/2026\/02\/Kinderralley-1024x379.png\" class=\"attachment-large size-large wp-image-850\" alt=\"\" srcset=\"https:\/\/ostsee-sportspiele.de\/wp-content\/uploads\/2026\/02\/Kinderralley-1024x379.png 1024w, https:\/\/ostsee-sportspiele.de\/wp-content\/uploads\/2026\/02\/Kinderralley-300x111.png 300w, https:\/\/ostsee-sportspiele.de\/wp-content\/uploads\/2026\/02\/Kinderralley-768x284.png 768w, https:\/\/ostsee-sportspiele.de\/wp-content\/uploads\/2026\/02\/Kinderralley.png 1064w\" sizes=\"(max-width: 800px) 100vw, 800px\" \/>\t\t\t\t\t\t\t\t\t\t\t\t\t\t\t<\/div>\n\t\t\t\t<\/div>\n\t\t<div class=\"elementor-element elementor-element-416b76eb e-con-full e-flex e-con e-child\" data-id=\"416b76eb\" data-element_type=\"container\" data-e-type=\"container\">\n\t\t\t\t<div class=\"elementor-element elementor-element-6fda3d40 elementor-widget elementor-widget-text-editor\" data-id=\"6fda3d40\" data-element_type=\"widget\" data-e-type=\"widget\" data-widget_type=\"text-editor.default\">\n\t\t\t\t\t\t\t\t\t<p>Bitte beachten Sie die den\u00a0<a href=\"https:\/\/ostsee-sportspiele.de\/index.php\/haftungsausschluss\/\">Haftungsausschluss<\/a>\u00a0und den\u00a0<a href=\"https:\/\/ostsee-sportspiele.de\/index.php\/datenschutz\/\">Datenschutz<\/a>.<\/p>\t\t\t\t\t\t\t\t<\/div>\n\t\t\t\t<\/div>\n\t\t\t\t<\/div>\n\t\t<div class=\"elementor-element elementor-element-4fba7c7b e-con-full e-flex e-con e-child\" data-id=\"4fba7c7b\" data-element_type=\"container\" data-e-type=\"container\">\n\t\t<div class=\"elementor-element elementor-element-5041c5b2 e-con-full e-flex e-con e-child\" data-id=\"5041c5b2\" data-element_type=\"container\" data-e-type=\"container\">\n\t\t<div class=\"elementor-element elementor-element-3f888e26 e-grid e-con-full e-con e-child\" data-id=\"3f888e26\" data-element_type=\"container\" data-e-type=\"container\">\n\t\t<div class=\"elementor-element elementor-element-25d8174d e-con-full e-flex e-con e-child\" data-id=\"25d8174d\" data-element_type=\"container\" data-e-type=\"container\">\n\t\t\t\t<div class=\"elementor-element elementor-element-48228c1f elementor-align-justify elementor-widget elementor-widget-button\" data-id=\"48228c1f\" data-element_type=\"widget\" data-e-type=\"widget\" data-widget_type=\"button.default\">\n\t\t\t\t\t\t\t\t\t\t<a class=\"elementor-button elementor-size-sm\" role=\"button\">\n\t\t\t\t\t\t<span class=\"elementor-button-content-wrapper\">\n\t\t\t\t\t\t\t\t\t<span class=\"elementor-button-text\">KONTAKT<\/span>\n\t\t\t\t\t<\/span>\n\t\t\t\t\t<\/a>\n\t\t\t\t\t\t\t\t<\/div>\n\t\t\t\t<div class=\"elementor-element elementor-element-275a8a73 elementor-align-start elementor-icon-list--layout-traditional elementor-list-item-link-full_width elementor-widget elementor-widget-icon-list\" data-id=\"275a8a73\" data-element_type=\"widget\" data-e-type=\"widget\" data-widget_type=\"icon-list.default\">\n\t\t\t\t\t\t\t<ul class=\"elementor-icon-list-items\">\n\t\t\t\t\t\t\t<li class=\"elementor-icon-list-item\">\n\t\t\t\t\t\t\t\t\t\t\t<a href=\"mailto:info@ballsport-cottbus.de\">\n\n\t\t\t\t\t\t\t\t\t\t\t\t<span class=\"elementor-icon-list-icon\">\n\t\t\t\t\t\t\t<svg aria-hidden=\"true\" class=\"e-font-icon-svg e-fas-user\" viewBox=\"0 0 448 512\" xmlns=\"http:\/\/www.w3.org\/2000\/svg\"><path d=\"M224 256c70.7 0 128-57.3 128-128S294.7 0 224 0 96 57.3 96 128s57.3 128 128 128zm89.6 32h-16.7c-22.2 10.2-46.9 16-72.9 16s-50.6-5.8-72.9-16h-16.7C60.2 288 0 348.2 0 422.4V464c0 26.5 21.5 48 48 48h352c26.5 0 48-21.5 48-48v-41.6c0-74.2-60.2-134.4-134.4-134.4z\"><\/path><\/svg>\t\t\t\t\t\t<\/span>\n\t\t\t\t\t\t\t\t\t\t<span class=\"elementor-icon-list-text\">Ballsportverein Cottbus e.V.<\/span>\n\t\t\t\t\t\t\t\t\t\t\t<\/a>\n\t\t\t\t\t\t\t\t\t<\/li>\n\t\t\t\t\t\t\t\t<li class=\"elementor-icon-list-item\">\n\t\t\t\t\t\t\t\t\t\t\t<a href=\"mailto:info@ballsport-cottbus.de\">\n\n\t\t\t\t\t\t\t\t\t\t\t\t<span class=\"elementor-icon-list-icon\">\n\t\t\t\t\t\t\t<svg aria-hidden=\"true\" class=\"e-font-icon-svg e-fas-mail-bulk\" viewBox=\"0 0 576 512\" xmlns=\"http:\/\/www.w3.org\/2000\/svg\"><path d=\"M160 448c-25.6 0-51.2-22.4-64-32-64-44.8-83.2-60.8-96-70.4V480c0 17.67 14.33 32 32 32h256c17.67 0 32-14.33 32-32V345.6c-12.8 9.6-32 25.6-96 70.4-12.8 9.6-38.4 32-64 32zm128-192H32c-17.67 0-32 14.33-32 32v16c25.6 19.2 22.4 19.2 115.2 86.4 9.6 6.4 28.8 25.6 44.8 25.6s35.2-19.2 44.8-22.4c92.8-67.2 89.6-67.2 115.2-86.4V288c0-17.67-14.33-32-32-32zm256-96H224c-17.67 0-32 14.33-32 32v32h96c33.21 0 60.59 25.42 63.71 57.82l.29-.22V416h192c17.67 0 32-14.33 32-32V192c0-17.67-14.33-32-32-32zm-32 128h-64v-64h64v64zm-352-96c0-35.29 28.71-64 64-64h224V32c0-17.67-14.33-32-32-32H96C78.33 0 64 14.33 64 32v192h96v-32z\"><\/path><\/svg>\t\t\t\t\t\t<\/span>\n\t\t\t\t\t\t\t\t\t\t<span class=\"elementor-icon-list-text\">info@ballsport-cottbus.de<\/span>\n\t\t\t\t\t\t\t\t\t\t\t<\/a>\n\t\t\t\t\t\t\t\t\t<\/li>\n\t\t\t\t\t\t<\/ul>\n\t\t\t\t\t\t<\/div>\n\t\t\t\t<\/div>\n\t\t<div class=\"elementor-element elementor-element-375ac9ff e-con-full elementor-hidden-desktop elementor-hidden-tablet elementor-hidden-mobile e-flex e-con e-child\" data-id=\"375ac9ff\" data-element_type=\"container\" data-e-type=\"container\">\n\t\t\t\t<div class=\"elementor-element elementor-element-6e46fed9 elementor-align-justify elementor-widget elementor-widget-button\" data-id=\"6e46fed9\" data-element_type=\"widget\" data-e-type=\"widget\" data-widget_type=\"button.default\">\n\t\t\t\t\t\t\t\t\t\t<a class=\"elementor-button elementor-size-sm\" role=\"button\">\n\t\t\t\t\t\t<span class=\"elementor-button-content-wrapper\">\n\t\t\t\t\t\t\t\t\t<span class=\"elementor-button-text\">DOWNLOADS<\/span>\n\t\t\t\t\t<\/span>\n\t\t\t\t\t<\/a>\n\t\t\t\t\t\t\t\t<\/div>\n\t\t\t\t<div class=\"elementor-element elementor-element-6a36cfd1 elementor-widget elementor-widget-shortcode\" data-id=\"6a36cfd1\" data-element_type=\"widget\" data-e-type=\"widget\" data-widget_type=\"shortcode.default\">\n\t\t\t\t\t\t\t<div class=\"elementor-shortcode\"><script type=\"text\/x-handlebars-template\" id=\"wpfd-template-tree-box\">    {{#with file}}    <div class=\"dropblock\">        <a href=\"javascript:void(0)\" class=\"wpfd-close\"><\/a>        <div class=\"filecontent\">            {{#if file_custom_icon}}                    <div class=\"icon-custom\"><img decoding=\"async\" src=\"{{file_custom_icon}}\" \/><\/div>                    {{else}}                    <div class=\"ext ext-{{ext}} wpfd-icon-set-svg\"><span class=\"txt\">{{ext}}<\/span><\/div>                    {{\/if}}<h3><a href=\"{{linkdownload}}\"   class=\"wpfd_downloadlink\" title=\"{{post_title}}\" target=\"{{#if remote_file}}_blank{{\/if}}\">{{{crop_title}}}<\/a><\/h3>            <div class=\"wpfd-extra\">                <div class=\"file-size\"><span>Gr\u00f6\u00dfe:<\/span> {{bytesToSize size}}<\/div>            <\/div>        <\/div>        <div class=\"extra-downloadlink\"><a class=\"downloadlink wpfd_downloadlink\"  href=\"{{linkdownload}}\"  style=\"background-color:rgba(0, 64, 88, 1);color:#ffffff;\" target=\"{{#if remote_file}}_blank{{\/if}}\">Herunterladen<i class=\"zmdi zmdi-cloud-download wpfd-download\"><\/i><\/a>{{#if openpdflink}}<a class=\"openlink wpfdlightbox wpfd_previewlink\" href=\"{{openpdflink}}\"  target=\"\">Vorschau                            <i class=\"zmdi zmdi-filter-center-focus wpfd-preview\"><\/i>                        <\/a>{{else}}{{#if viewerlink}}<a                            href=\"{{viewerlink}}\"                                                        class=\"openlink wpfdlightbox wpfd_previewlink\"                            target=\"\"                            data-id=\"{{ID}}\"                            data-catid=\"{{catid}}\"                            data-file-type=\"{{ext}}\">Vorschau<i class=\"zmdi zmdi-filter-center-focus wpfd-preview\"><\/i>                        <\/a>{{\/if}}{{\/if}}<\/div>    {{\/with}}<\/script><script type=\"text\/x-handlebars-template\" id=\"wpfd-template-tree-files\">    {{#if files}}    {{#each files}}    <li class=\"ext {{ext}}\">                    {{#if file_custom_icon}}            <span class=\"wpfd-file ext icon-custom\"><img decoding=\"async\" src=\"{{file_custom_icon}}\"><\/span>            {{else}}            <i class=\"wpfd-file ext ext-{{ext}} wpfd-icon-set-svg\"><\/i>            {{\/if}}                                    <a class=\"wpfd-file-link\" data-category_id=\"{{catid}}\" href=\"#\" data-id=\"{{ID}}\"               title=\"{{post_title}}\">{{{crop_title}}}<\/a>            <\/li>    {{\/each}}    <\/div>    {{\/if}}<\/script><div class=\"wpfd-content wpfd-content-tree wpfd-content-category-normal wpfd-content-without-download-selected wpfd-content-multi\" data-category=\"25\"             style=\"background-color: rgba(255, 255, 255, 0)\"><input type=\"hidden\" id=\"current_category_25\" value=\"25\" \/>                    <input type=\"hidden\" id=\"current_category_slug_25\" value=\"sparkassen-rtf\" \/>                    <input type=\"hidden\" id=\"current_ordering_25\" value=\"hits\" \/>                    <input type=\"hidden\" id=\"current_ordering_direction_25\" value=\"asc\" \/>                    <input type=\"hidden\" id=\"page_limit_25\" value=\"5\" \/><input type=\"hidden\" id=\"wpfd_display_empty_category_message\" value=\"0\" \/><input type=\"hidden\" id=\"wpfd_empty_category_message_val\" value=\"Diese Dateikategorie hat keine Dateien zum Anzeigen\" \/><input type=\"hidden\" id=\"wpfd_display_empty_folder\" value=\"0\" \/><input type=\"hidden\" id=\"wpfd_is_empty_subcategories\" value=\"1\" \/><input type=\"hidden\" id=\"wpfd_is_empty_files\" value=\"1\" \/><input type=\"hidden\" id=\"wpfd_root_category_id\" class=\"wpfd_root_category_id\" value=\"25\" \/><input type=\"hidden\" id=\"wpfd_root_category_theme\" class=\"wpfd_root_category_theme\" value=\"tree\" \/><input type=\"hidden\" id=\"wpfd_root_category_clone_theme_type\" class=\"wpfd_root_category_clone_theme_type\" value=\"none\" \/><input type=\"hidden\" id=\"wpfd_root_category_type\" class=\"wpfd_root_category_type\" value=\"25\" \/><input type=\"hidden\" id=\"wpfd_category_notify_file_changes\" class=\"wpfd_category_notify_file_changes\" value=\"0\" \/><input type=\"hidden\" id=\"wpfd_global_notify_file_changes\" class=\"wpfd_global_notify_file_changes\" value=\"0\" \/><input type=\"hidden\" id=\"wpfd_download_selected\" class=\"wpfd_download_selected\" value=\"0\" \/><input type=\"hidden\" id=\"wpfd_user_login\" class=\"wpfd_user_login\" value=\"0\" \/><div class=\"wpfd-content-header-section\"><div class=\"wpfd-header-btn-group\"><a class=\"wpfd-category-mail-subscribe-all\" href=\"#\" style=\"display: none\">Email Subscribe All<\/a><a data-catid=\"\"                       class=\"tree-download-category \"                       href=\"https:\/\/ostsee-sportspiele.de\/index.php\/download\/wpfdcat\/25\/sparkassen-rtf\">Alle herunterladen                         <i class=\"zmdi zmdi-check-all wpfd-download-category\"><\/i>                    <\/a><\/div><\/div><ul class=\"wpfd-tree-categories-files\">                                <li class=\"ext pdf\">                                    <i class=\"wpfd-file ext ext-pdf wpfd-icon-set-svg\"><\/i>                                <a class=\"wpfd-file-link\" href=\"#\" data-category_id=\"25\"                   data-id=\"560\"                   title=\"70 km Strecke\" target=\"\">70 km Strecke<\/a>            <\/li>                                            <li class=\"ext pdf\">                                    <i class=\"wpfd-file ext ext-pdf wpfd-icon-set-svg\"><\/i>                                <a class=\"wpfd-file-link\" href=\"#\" data-category_id=\"25\"                   data-id=\"559\"                   title=\"40 km Strecke\" target=\"\">40 km Strecke<\/a>            <\/li>                                            <li class=\"ext pdf\">                                    <i class=\"wpfd-file ext ext-pdf wpfd-icon-set-svg\"><\/i>                                <a class=\"wpfd-file-link\" href=\"#\" data-category_id=\"25\"                   data-id=\"562\"                   title=\"110 km Strecke\" target=\"\">110 km Strecke<\/a>            <\/li>                                            <li class=\"ext pdf\">                                    <i class=\"wpfd-file ext ext-pdf wpfd-icon-set-svg\"><\/i>                                <a class=\"wpfd-file-link\" href=\"#\" data-category_id=\"25\"                   data-id=\"561\"                   title=\"150 km Strecke\" target=\"\">150 km Strecke<\/a>            <\/li>                        <\/ul><\/div><\/div>\n\t\t\t\t\t\t<\/div>\n\t\t\t\t<\/div>\n\t\t\t\t<\/div>\n\t\t\t\t<\/div>\n\t\t\t\t<\/div>\n\t\t\t\t\t<\/div>\n\t\t\t\t<\/div>\n\t\t\t\t<\/div>\n\t\t","protected":false},"excerpt":{"rendered":"<p>OSTSEE Kinder-Ralley Veranstalter: Ballsportverein Cottbus e.V. Termin: 13.06.2026 Zeit: 12:30 Uhr Ort: APEX-OstseeSportpark Willmersdorf Der Ballsportverein Cottbus e.V. wird f\u00fcr Herausforderungen und Spa\u00df f\u00fcr die Kinder sorgen. Bei der OSTSEE Kinder-Ralley k\u00f6nnen sich die Kinder in verschiedenen Stationen ausprobieren und ihr Tempo, ihre Geschicklichkeit und ihr Ballgef\u00fchl unter Beweis stellen. An jeder Station wird ein [&hellip;]<\/p>\n","protected":false},"author":2,"featured_media":0,"parent":343,"menu_order":6,"comment_status":"closed","ping_status":"closed","template":"","meta":{"footnotes":""},"class_list":["post-712","page","type-page","status-publish","hentry"],"_links":{"self":[{"href":"https:\/\/ostsee-sportspiele.de\/index.php\/wp-json\/wp\/v2\/pages\/712","targetHints":{"allow":["GET"]}}],"collection":[{"href":"https:\/\/ostsee-sportspiele.de\/index.php\/wp-json\/wp\/v2\/pages"}],"about":[{"href":"https:\/\/ostsee-sportspiele.de\/index.php\/wp-json\/wp\/v2\/types\/page"}],"author":[{"embeddable":true,"href":"https:\/\/ostsee-sportspiele.de\/index.php\/wp-json\/wp\/v2\/users\/2"}],"replies":[{"embeddable":true,"href":"https:\/\/ostsee-sportspiele.de\/index.php\/wp-json\/wp\/v2\/comments?post=712"}],"version-history":[{"count":4,"href":"https:\/\/ostsee-sportspiele.de\/index.php\/wp-json\/wp\/v2\/pages\/712\/revisions"}],"predecessor-version":[{"id":1574,"href":"https:\/\/ostsee-sportspiele.de\/index.php\/wp-json\/wp\/v2\/pages\/712\/revisions\/1574"}],"up":[{"embeddable":true,"href":"https:\/\/ostsee-sportspiele.de\/index.php\/wp-json\/wp\/v2\/pages\/343"}],"wp:attachment":[{"href":"https:\/\/ostsee-sportspiele.de\/index.php\/wp-json\/wp\/v2\/media?parent=712"}],"curies":[{"name":"wp","href":"https:\/\/api.w.org\/{rel}","templated":true}]}}