{"id":52,"date":"2025-11-21T21:32:22","date_gmt":"2025-11-21T21:32:22","guid":{"rendered":"https:\/\/ostsee.philippramsch.de\/?page_id=52"},"modified":"2026-04-14T13:32:02","modified_gmt":"2026-04-14T13:32:02","slug":"ostsee-shuttle","status":"publish","type":"page","link":"https:\/\/ostsee-sportspiele.de\/index.php\/ostsee-shuttle\/","title":{"rendered":"Ostsee Shuttle"},"content":{"rendered":"\t\t<div data-elementor-type=\"wp-page\" data-elementor-id=\"52\" class=\"elementor elementor-52\" data-elementor-settings=\"{&quot;element_pack_global_tooltip_width&quot;:{&quot;unit&quot;:&quot;px&quot;,&quot;size&quot;:&quot;&quot;,&quot;sizes&quot;:[]},&quot;element_pack_global_tooltip_width_tablet&quot;:{&quot;unit&quot;:&quot;px&quot;,&quot;size&quot;:&quot;&quot;,&quot;sizes&quot;:[]},&quot;element_pack_global_tooltip_width_mobile&quot;:{&quot;unit&quot;:&quot;px&quot;,&quot;size&quot;:&quot;&quot;,&quot;sizes&quot;:[]},&quot;element_pack_global_tooltip_padding&quot;:{&quot;unit&quot;:&quot;px&quot;,&quot;top&quot;:&quot;&quot;,&quot;right&quot;:&quot;&quot;,&quot;bottom&quot;:&quot;&quot;,&quot;left&quot;:&quot;&quot;,&quot;isLinked&quot;:true},&quot;element_pack_global_tooltip_padding_tablet&quot;:{&quot;unit&quot;:&quot;px&quot;,&quot;top&quot;:&quot;&quot;,&quot;right&quot;:&quot;&quot;,&quot;bottom&quot;:&quot;&quot;,&quot;left&quot;:&quot;&quot;,&quot;isLinked&quot;:true},&quot;element_pack_global_tooltip_padding_mobile&quot;:{&quot;unit&quot;:&quot;px&quot;,&quot;top&quot;:&quot;&quot;,&quot;right&quot;:&quot;&quot;,&quot;bottom&quot;:&quot;&quot;,&quot;left&quot;:&quot;&quot;,&quot;isLinked&quot;:true},&quot;element_pack_global_tooltip_border_radius&quot;:{&quot;unit&quot;:&quot;px&quot;,&quot;top&quot;:&quot;&quot;,&quot;right&quot;:&quot;&quot;,&quot;bottom&quot;:&quot;&quot;,&quot;left&quot;:&quot;&quot;,&quot;isLinked&quot;:true},&quot;element_pack_global_tooltip_border_radius_tablet&quot;:{&quot;unit&quot;:&quot;px&quot;,&quot;top&quot;:&quot;&quot;,&quot;right&quot;:&quot;&quot;,&quot;bottom&quot;:&quot;&quot;,&quot;left&quot;:&quot;&quot;,&quot;isLinked&quot;:true},&quot;element_pack_global_tooltip_border_radius_mobile&quot;:{&quot;unit&quot;:&quot;px&quot;,&quot;top&quot;:&quot;&quot;,&quot;right&quot;:&quot;&quot;,&quot;bottom&quot;:&quot;&quot;,&quot;left&quot;:&quot;&quot;,&quot;isLinked&quot;:true}}\" data-elementor-post-type=\"page\">\n\t\t\t\t<div class=\"elementor-element elementor-element-1e09478 e-flex e-con-boxed e-con e-parent\" data-id=\"1e09478\" data-element_type=\"container\" data-e-type=\"container\">\n\t\t\t\t\t<div class=\"e-con-inner\">\n\t\t<div class=\"elementor-element elementor-element-da03766 e-con-full e-flex e-con e-child\" data-id=\"da03766\" data-element_type=\"container\" data-e-type=\"container\">\n\t\t\t\t<div class=\"elementor-element elementor-element-e70dc55 elementor-widget elementor-widget-text-editor\" data-id=\"e70dc55\" data-element_type=\"widget\" data-e-type=\"widget\" data-widget_type=\"text-editor.default\">\n\t\t\t\t\t\t\t\t\t<p><strong>Am Wochenende des 13.-14.06.26 starten die OSTSEE Sportspiele \u2013 Sport, Spiel und Spa\u00df f\u00fcr Gro\u00df und Klein.<\/strong><\/p><p>Damit alle kostenlos und entspannt zum APEX Ostsee-Sportpark nach Cottbus Willmersdorf kommen k\u00f6nnen wird es wieder das <strong>OSTSEE Shuttle<\/strong> geben.<\/p><p>Das <strong>OSTSEE Shuttle <\/strong>startet am <strong>Hauptbahnhof <\/strong>und f\u00e4hrt \u00fcber die <strong>Bahnhofstra\u00dfe<\/strong>, die <strong>Stadthalle<\/strong> zum <strong>TKC\/Nordring<\/strong> und von da direkt zu den <strong>OSTSEE Sportspielen<\/strong> nach Cottbus Willmersdorf. <strong>Die genauen Abfahrtzeiten findet ihr hier:<\/strong><\/p>\t\t\t\t\t\t\t\t<\/div>\n\t\t\t\t<div class=\"elementor-element elementor-element-bcc6b61 elementor-widget elementor-widget-shortcode\" data-id=\"bcc6b61\" data-element_type=\"widget\" data-e-type=\"widget\" data-widget_type=\"shortcode.default\">\n\t\t\t\t\t\t\t<div class=\"elementor-shortcode\"><div class=\"wpfd-content wpfd-content-default wpfd-content-category-normal wpfd-content-without-download-selected wpfd-content-multi\" data-category=\"4\"             style=\"background-color: rgba(255, 255, 255, 0)\"><input type=\"hidden\" id=\"current_category_4\" value=\"4\" \/>                    <input type=\"hidden\" id=\"current_category_slug_4\" value=\"ostsee-shuttle\" \/>                    <input type=\"hidden\" id=\"current_ordering_4\" value=\"title\" \/>                    <input type=\"hidden\" id=\"current_ordering_direction_4\" value=\"desc\" \/>                    <input type=\"hidden\" id=\"page_limit_4\" value=\"5\" \/><input type=\"hidden\" id=\"wpfd_display_empty_category_message\" value=\"0\" \/><input type=\"hidden\" id=\"wpfd_empty_category_message_val\" value=\"Diese Dateikategorie hat keine Dateien zum Anzeigen\" \/><input type=\"hidden\" id=\"wpfd_display_empty_folder\" value=\"0\" \/><input type=\"hidden\" id=\"wpfd_is_empty_subcategories\" value=\"1\" \/><input type=\"hidden\" id=\"wpfd_is_empty_files\" value=\"1\" \/><input type=\"hidden\" id=\"wpfd_root_category_id\" class=\"wpfd_root_category_id\" value=\"4\" \/><input type=\"hidden\" id=\"wpfd_root_category_theme\" class=\"wpfd_root_category_theme\" value=\"default\" \/><input type=\"hidden\" id=\"wpfd_root_category_clone_theme_type\" class=\"wpfd_root_category_clone_theme_type\" value=\"none\" \/><input type=\"hidden\" id=\"wpfd_root_category_type\" class=\"wpfd_root_category_type\" value=\"4\" \/><input type=\"hidden\" id=\"wpfd_category_notify_file_changes\" class=\"wpfd_category_notify_file_changes\" value=\"0\" \/><input type=\"hidden\" id=\"wpfd_global_notify_file_changes\" class=\"wpfd_global_notify_file_changes\" value=\"0\" \/><input type=\"hidden\" id=\"wpfd_download_selected\" class=\"wpfd_download_selected\" value=\"0\" \/><input type=\"hidden\" id=\"wpfd_user_login\" class=\"wpfd_user_login\" value=\"0\" \/><div class=\"wpfd-content-header-section\"><div class=\"wpfd-header-btn-group\"><a class=\"wpfd-category-mail-subscribe-all\" href=\"#\" style=\"display: none\">Email Subscribe All<\/a><a data-catid=\"\"                       class=\"default-download-category \"                       href=\"https:\/\/ostsee-sportspiele.de\/index.php\/download\/wpfdcat\/4\/ostsee-shuttle\">Alle herunterladen                         <i class=\"zmdi zmdi-check-all wpfd-download-category\"><\/i>                    <\/a><\/div><\/div>    <script type=\"text\/x-handlebars-template\" class=\"wpfd-template-files\">        {{#if files }}        <div class=\"wpfd_list\">            {{#each files}}            <div class=\"file {{ext}}\" style=\"margin : 10px 10px 10px 10px;\" data-id=\"{{ID}}\" data-catid=\"{{catid}}\">                <input type=\"hidden\" class=\"wpfd_file_preview_link_download\" value=\"{{linkdownload}}\" data-filetitle=\"{{post_title}}\" data-fileicons=\"ext ext-{{ext}} wpfd-icon-set-svg\" \/>                <div class=\"filecontent\">                    {{#if file_custom_icon}}                    <div class=\"icon-custom\"><img decoding=\"async\" src=\"{{file_custom_icon}}\" \/><\/div>                    {{else}}                    <div class=\"ext ext-{{ext}} wpfd-icon-set-svg\"><span class=\"txt\">{{ext}}<\/span><\/div>                    {{\/if}}<h3><a href=\"{{linkdownload}}\"   class=\"wpfd_downloadlink\" title=\"{{post_title}}\" target=\"{{#if remote_file}}_blank{{\/if}}\">{{{crop_title}}}<\/a><\/h3>                    <div class=\"file-xinfo\">                        {{#if description}}<div class=\"file-desc\">{{{description}}}<\/div>{{\/if}}<div class=\"file-size\"><span>Gr\u00f6\u00dfe:<\/span> {{bytesToSize size}}<\/div>                    <\/div>                <\/div>                <span class=\"file-right\">                    <a class=\"downloadlink wpfd_downloadlink\"  href=\"{{linkdownload}}\"  style=\"background-color:rgba(0, 64, 88, 1);color:#ffffff;\" target=\"{{#if remote_file}}_blank{{\/if}}\">Herunterladen<i class=\"zmdi zmdi-cloud-download wpfd-download\"><\/i><\/a>{{#if openpdflink}}<a class=\"openlink wpfdlightbox wpfd_previewlink\" href=\"{{openpdflink}}\"  target=\"\">Vorschau                            <i class=\"zmdi zmdi-filter-center-focus wpfd-preview\"><\/i>                        <\/a>{{else}}{{#if viewerlink}}<a                            href=\"{{viewerlink}}\"                                                        class=\"openlink wpfdlightbox wpfd_previewlink\"                            target=\"\"                            data-id=\"{{ID}}\"                            data-catid=\"{{catid}}\"                            data-file-type=\"{{ext}}\">Vorschau<i class=\"zmdi zmdi-filter-center-focus wpfd-preview\"><\/i>                        <\/a>{{\/if}}{{\/if}}                <\/span>            <\/div>            {{\/each}}            <div class=\"file flex_span\" style=\"margin : 10px 10px 10px 10px;\"><\/div>        <\/div>        {{\/if}}    <\/script>    <div class=\"wpfd-container\">                <div class=\"wpfd-open-tree\"><\/div>        <div class=\"wpfd-container-default \">            <div class=\"wpfd-categories hide\"><div class=\"wpfd-category-desc\"><\/div><\/div>                            <div class=\"wpfd_list\">                                                                        <div class=\"file pdf\" style=\"margin : 10px 10px 10px 10px;\"                                 data-id=\"1652\"                                 data-catid=\"4\">                                                                <input type=\"hidden\" class=\"wpfd_file_preview_link_download\" value=\"https:\/\/ostsee-sportspiele.de\/index.php\/download\/4\/ostsee-shuttle\/1652\/ostsee-shuttle-2026-fahrplan-detail.pdf\"                                       data-filetitle=\"OSTSEE Shuttle 2026 - Fahrplan Detail\" data-fileicons=\"ext ext-pdf wpfd-icon-set-svg\" \/>                                <div class=\"filecontent\">                                    <div class=\"ext ext-pdf wpfd-icon-set-svg\"><span class=\"txt\">pdf<\/span><\/div><h3><a href=\"https:\/\/ostsee-sportspiele.de\/index.php\/download\/4\/ostsee-shuttle\/1652\/ostsee-shuttle-2026-fahrplan-detail.pdf\"   class=\"wpfd_downloadlink\" title=\"OSTSEE Shuttle 2026 - Fahrplan Detail\" target=\"\">OSTSEE Shuttle 2026 - Fahrplan Detail<\/a><\/h3>                                    <div class=\"file-xinfo\">                                        <div class=\"file-desc\"><\/div><div class=\"file-size\"><span>Gr\u00f6\u00dfe:<\/span> 37.54 KB<\/div>                                    <\/div>                                <\/div>                                <div class=\"file-right\">                                    <a class=\"downloadlink wpfd_downloadlink\"  href=\"https:\/\/ostsee-sportspiele.de\/index.php\/download\/4\/ostsee-shuttle\/1652\/ostsee-shuttle-2026-fahrplan-detail.pdf\"  style=\"background-color:rgba(0, 64, 88, 1);color:#ffffff;\" target=\"\">Herunterladen<i class=\"zmdi zmdi-cloud-download wpfd-download\"><\/i><\/a><a                            href=\"https:\/\/docs.google.com\/viewer?url=https%3A%2F%2Fostsee-sportspiele.de%2Fwp-admin%2Fadmin-ajax.php%3Fjuwpfisadmin%3Dfalse%26action%3Dwpfd%26task%3Dfile.download%26wpfd_category_id%3D4%26wpfd_file_id%3D1652%26token%3D%26preview%3D1&#038;embedded=true\"                                                        class=\"openlink wpfdlightbox wpfd_previewlink\"                            target=\"\"                            data-id=\"1652\"                            data-catid=\"4\"                            data-file-type=\"pdf\">Vorschau<i class=\"zmdi zmdi-filter-center-focus wpfd-preview\"><\/i>                        <\/a>                                <\/div>                            <\/div>                                                                                                <div class=\"file pdf\" style=\"margin : 10px 10px 10px 10px;\"                                 data-id=\"1636\"                                 data-catid=\"4\">                                                                <input type=\"hidden\" class=\"wpfd_file_preview_link_download\" value=\"https:\/\/ostsee-sportspiele.de\/index.php\/download\/4\/ostsee-shuttle\/1636\/ostsee-shutte-2026-fahrplan.pdf\"                                       data-filetitle=\"OSTSEE Shutte 2026 - Fahrplan\" data-fileicons=\"ext ext-pdf wpfd-icon-set-svg\" \/>                                <div class=\"filecontent\">                                    <div class=\"ext ext-pdf wpfd-icon-set-svg\"><span class=\"txt\">pdf<\/span><\/div><h3><a href=\"https:\/\/ostsee-sportspiele.de\/index.php\/download\/4\/ostsee-shuttle\/1636\/ostsee-shutte-2026-fahrplan.pdf\"   class=\"wpfd_downloadlink\" title=\"OSTSEE Shutte 2026 - Fahrplan\" target=\"\">OSTSEE Shutte 2026 - Fahrplan<\/a><\/h3>                                    <div class=\"file-xinfo\">                                        <div class=\"file-desc\"><\/div><div class=\"file-size\"><span>Gr\u00f6\u00dfe:<\/span> 33.72 KB<\/div>                                    <\/div>                                <\/div>                                <div class=\"file-right\">                                    <a class=\"downloadlink wpfd_downloadlink\"  href=\"https:\/\/ostsee-sportspiele.de\/index.php\/download\/4\/ostsee-shuttle\/1636\/ostsee-shutte-2026-fahrplan.pdf\"  style=\"background-color:rgba(0, 64, 88, 1);color:#ffffff;\" target=\"\">Herunterladen<i class=\"zmdi zmdi-cloud-download wpfd-download\"><\/i><\/a><a                            href=\"https:\/\/docs.google.com\/viewer?url=https%3A%2F%2Fostsee-sportspiele.de%2Fwp-admin%2Fadmin-ajax.php%3Fjuwpfisadmin%3Dfalse%26action%3Dwpfd%26task%3Dfile.download%26wpfd_category_id%3D4%26wpfd_file_id%3D1636%26token%3D%26preview%3D1&#038;embedded=true\"                                                        class=\"openlink wpfdlightbox wpfd_previewlink\"                            target=\"\"                            data-id=\"1636\"                            data-catid=\"4\"                            data-file-type=\"pdf\">Vorschau<i class=\"zmdi zmdi-filter-center-focus wpfd-preview\"><\/i>                        <\/a>                                <\/div>                            <\/div>                                                                <div class=\"file flex_span\" style=\"margin : 10px 10px 10px 10px;\"><\/div>                <\/div>                                <\/div>    <\/div><\/div><\/div>\n\t\t\t\t\t\t<\/div>\n\t\t\t\t<\/div>\n\t\t<div class=\"elementor-element elementor-element-664c824 e-con-full e-flex e-con e-child\" data-id=\"664c824\" data-element_type=\"container\" data-e-type=\"container\">\n\t\t\t\t<div class=\"elementor-element elementor-element-7467c17 elementor-widget elementor-widget-image\" data-id=\"7467c17\" data-element_type=\"widget\" data-e-type=\"widget\" data-widget_type=\"image.default\">\n\t\t\t\t\t\t\t\t\t\t\t\t\t\t\t<img fetchpriority=\"high\" decoding=\"async\" width=\"800\" height=\"566\" src=\"https:\/\/ostsee-sportspiele.de\/wp-content\/uploads\/2026\/04\/Ostsee-Sportspiele26-1024x724.png\" class=\"attachment-large size-large wp-image-1632\" alt=\"\" srcset=\"https:\/\/ostsee-sportspiele.de\/wp-content\/uploads\/2026\/04\/Ostsee-Sportspiele26-1024x724.png 1024w, https:\/\/ostsee-sportspiele.de\/wp-content\/uploads\/2026\/04\/Ostsee-Sportspiele26-300x212.png 300w, https:\/\/ostsee-sportspiele.de\/wp-content\/uploads\/2026\/04\/Ostsee-Sportspiele26-768x543.png 768w, https:\/\/ostsee-sportspiele.de\/wp-content\/uploads\/2026\/04\/Ostsee-Sportspiele26-1536x1086.png 1536w, https:\/\/ostsee-sportspiele.de\/wp-content\/uploads\/2026\/04\/Ostsee-Sportspiele26.png 2000w\" sizes=\"(max-width: 800px) 100vw, 800px\" \/>\t\t\t\t\t\t\t\t\t\t\t\t\t\t\t<\/div>\n\t\t\t\t<\/div>\n\t\t\t\t\t<\/div>\n\t\t\t\t<\/div>\n\t\t<div class=\"elementor-element elementor-element-0ab9cbb e-flex e-con-boxed e-con e-parent\" data-id=\"0ab9cbb\" data-element_type=\"container\" data-e-type=\"container\">\n\t\t\t\t\t<div class=\"e-con-inner\">\n\t\t\t\t\t<\/div>\n\t\t\t\t<\/div>\n\t\t\t\t<\/div>\n\t\t","protected":false},"excerpt":{"rendered":"<p>Am Wochenende des 13.-14.06.26 starten die OSTSEE Sportspiele \u2013 Sport, Spiel und Spa\u00df f\u00fcr Gro\u00df und Klein. Damit alle kostenlos und entspannt zum APEX Ostsee-Sportpark nach Cottbus Willmersdorf kommen k\u00f6nnen wird es wieder das OSTSEE Shuttle geben. Das OSTSEE Shuttle startet am Hauptbahnhof und f\u00e4hrt \u00fcber die Bahnhofstra\u00dfe, die Stadthalle zum TKC\/Nordring und von da [&hellip;]<\/p>\n","protected":false},"author":1,"featured_media":0,"parent":0,"menu_order":5,"comment_status":"closed","ping_status":"closed","template":"","meta":{"footnotes":""},"class_list":["post-52","page","type-page","status-publish","hentry"],"_links":{"self":[{"href":"https:\/\/ostsee-sportspiele.de\/index.php\/wp-json\/wp\/v2\/pages\/52","targetHints":{"allow":["GET"]}}],"collection":[{"href":"https:\/\/ostsee-sportspiele.de\/index.php\/wp-json\/wp\/v2\/pages"}],"about":[{"href":"https:\/\/ostsee-sportspiele.de\/index.php\/wp-json\/wp\/v2\/types\/page"}],"author":[{"embeddable":true,"href":"https:\/\/ostsee-sportspiele.de\/index.php\/wp-json\/wp\/v2\/users\/1"}],"replies":[{"embeddable":true,"href":"https:\/\/ostsee-sportspiele.de\/index.php\/wp-json\/wp\/v2\/comments?post=52"}],"version-history":[{"count":20,"href":"https:\/\/ostsee-sportspiele.de\/index.php\/wp-json\/wp\/v2\/pages\/52\/revisions"}],"predecessor-version":[{"id":1639,"href":"https:\/\/ostsee-sportspiele.de\/index.php\/wp-json\/wp\/v2\/pages\/52\/revisions\/1639"}],"wp:attachment":[{"href":"https:\/\/ostsee-sportspiele.de\/index.php\/wp-json\/wp\/v2\/media?parent=52"}],"curies":[{"name":"wp","href":"https:\/\/api.w.org\/{rel}","templated":true}]}}