{"id":44,"date":"2025-11-21T21:31:28","date_gmt":"2025-11-21T21:31:28","guid":{"rendered":"https:\/\/ostsee.philippramsch.de\/?page_id=44"},"modified":"2026-01-30T20:03:11","modified_gmt":"2026-01-30T20:03:11","slug":"haftungsausschluss","status":"publish","type":"page","link":"https:\/\/ostsee-sportspiele.de\/index.php\/haftungsausschluss\/","title":{"rendered":"Haftungsausschluss"},"content":{"rendered":"\t\t<div data-elementor-type=\"wp-page\" data-elementor-id=\"44\" class=\"elementor elementor-44\" data-elementor-settings=\"{&quot;element_pack_global_tooltip_width&quot;:{&quot;unit&quot;:&quot;px&quot;,&quot;size&quot;:&quot;&quot;,&quot;sizes&quot;:[]},&quot;element_pack_global_tooltip_width_tablet&quot;:{&quot;unit&quot;:&quot;px&quot;,&quot;size&quot;:&quot;&quot;,&quot;sizes&quot;:[]},&quot;element_pack_global_tooltip_width_mobile&quot;:{&quot;unit&quot;:&quot;px&quot;,&quot;size&quot;:&quot;&quot;,&quot;sizes&quot;:[]},&quot;element_pack_global_tooltip_padding&quot;:{&quot;unit&quot;:&quot;px&quot;,&quot;top&quot;:&quot;&quot;,&quot;right&quot;:&quot;&quot;,&quot;bottom&quot;:&quot;&quot;,&quot;left&quot;:&quot;&quot;,&quot;isLinked&quot;:true},&quot;element_pack_global_tooltip_padding_tablet&quot;:{&quot;unit&quot;:&quot;px&quot;,&quot;top&quot;:&quot;&quot;,&quot;right&quot;:&quot;&quot;,&quot;bottom&quot;:&quot;&quot;,&quot;left&quot;:&quot;&quot;,&quot;isLinked&quot;:true},&quot;element_pack_global_tooltip_padding_mobile&quot;:{&quot;unit&quot;:&quot;px&quot;,&quot;top&quot;:&quot;&quot;,&quot;right&quot;:&quot;&quot;,&quot;bottom&quot;:&quot;&quot;,&quot;left&quot;:&quot;&quot;,&quot;isLinked&quot;:true},&quot;element_pack_global_tooltip_border_radius&quot;:{&quot;unit&quot;:&quot;px&quot;,&quot;top&quot;:&quot;&quot;,&quot;right&quot;:&quot;&quot;,&quot;bottom&quot;:&quot;&quot;,&quot;left&quot;:&quot;&quot;,&quot;isLinked&quot;:true},&quot;element_pack_global_tooltip_border_radius_tablet&quot;:{&quot;unit&quot;:&quot;px&quot;,&quot;top&quot;:&quot;&quot;,&quot;right&quot;:&quot;&quot;,&quot;bottom&quot;:&quot;&quot;,&quot;left&quot;:&quot;&quot;,&quot;isLinked&quot;:true},&quot;element_pack_global_tooltip_border_radius_mobile&quot;:{&quot;unit&quot;:&quot;px&quot;,&quot;top&quot;:&quot;&quot;,&quot;right&quot;:&quot;&quot;,&quot;bottom&quot;:&quot;&quot;,&quot;left&quot;:&quot;&quot;,&quot;isLinked&quot;:true}}\" data-elementor-post-type=\"page\">\n\t\t\t\t<div class=\"elementor-element elementor-element-cacfc1f e-flex e-con-boxed e-con e-parent\" data-id=\"cacfc1f\" data-element_type=\"container\" data-e-type=\"container\" data-settings=\"{&quot;background_background&quot;:&quot;classic&quot;}\">\n\t\t\t\t\t<div class=\"e-con-inner\">\n\t\t\t\t<div class=\"elementor-element elementor-element-aef986b elementor-widget elementor-widget-text-editor\" data-id=\"aef986b\" data-element_type=\"widget\" data-e-type=\"widget\" data-widget_type=\"text-editor.default\">\n\t\t\t\t\t\t\t\t\t<h1>Haftungsausschluss<\/h1><p>Der Veranstalter beh\u00e4lt sich das Recht vor, die vorliegenden Regelungen mit sofortiger Wirkung zu \u00e4ndern. Die Teilnehmer:innen nehmen auf eigene Gefahr teil. Der Veranstalter \u00fcbernimmt zudem keine Haftung f\u00fcr Sch\u00e4den an Kleidung, Material und Ausr\u00fcstung. Die Teilnehmer:innen entlastet den Veranstalter generell von jeder Verantwortung und finanziellem Ausgleich im Falle von Eigentumsbesch\u00e4digungen, Schw\u00e4chezust\u00e4nden, Unf\u00e4llen, schlechtem Gesundheitszustand und Tod. F\u00fcr Fundgegenst\u00e4nde, die nach Abschluss der Siegerehrung nicht abgeholt sind, besteht kein Anspruch auf Nachsendung, diese werden nach 14 Tagen entsorgt.<\/p><p>Mit der Anmeldung sind die Teilnehmer:innen einverstanden, dass:<\/p><ul><li>die Personen- und Adressdaten elektronisch gespeichert und verarbeitet werden<\/li><li>der Veranstalter oder von ihm beauftragte Partner \u2013 Interviews, Fotos, Video- und TV-Aufnahmen machen darf und diese dauerhaft abgespeichert werden d\u00fcrfen<\/li><li>diese uneingeschr\u00e4nkt und zeitlich nicht limitiert durch den Stadtsportbund Cottbus e.V. sowie den entsprechenden Veranstalter genutzt werden d\u00fcrfen (Homepage, Social Media, Publikationen)<\/li><\/ul><p>Die Teilnehmer:innen haben die Hinweise gem\u00e4\u00df Art. 13 DSGVO gelesen und sind damit verstanden. Aus der Zustimmung zu dieser Ver\u00f6ffentlichung leiten die Teilnehmer:innen keine Rechte (z.B. Entgelt) ab. Diese Erkl\u00e4rung unterliegt ausschlie\u00dflich deutschem Recht. Ausschlie\u00dflicher Gerichtsstand ist Cottbus. Bei Teilnehmern unter 16 Jahren erfolgt die Zustimmung \u00fcber den\/die Personensorgeberechtigte\/n.<\/p>\t\t\t\t\t\t\t\t<\/div>\n\t\t\t\t\t<\/div>\n\t\t\t\t<\/div>\n\t\t\t\t<\/div>\n\t\t","protected":false},"excerpt":{"rendered":"<p>Haftungsausschluss Der Veranstalter beh\u00e4lt sich das Recht vor, die vorliegenden Regelungen mit sofortiger Wirkung zu \u00e4ndern. Die Teilnehmer:innen nehmen auf eigene Gefahr teil. Der Veranstalter \u00fcbernimmt zudem keine Haftung f\u00fcr Sch\u00e4den an Kleidung, Material und Ausr\u00fcstung. Die Teilnehmer:innen entlastet den Veranstalter generell von jeder Verantwortung und finanziellem Ausgleich im Falle von Eigentumsbesch\u00e4digungen, Schw\u00e4chezust\u00e4nden, Unf\u00e4llen, schlechtem [&hellip;]<\/p>\n","protected":false},"author":1,"featured_media":0,"parent":0,"menu_order":97,"comment_status":"closed","ping_status":"closed","template":"","meta":{"footnotes":""},"class_list":["post-44","page","type-page","status-publish","hentry"],"_links":{"self":[{"href":"https:\/\/ostsee-sportspiele.de\/index.php\/wp-json\/wp\/v2\/pages\/44","targetHints":{"allow":["GET"]}}],"collection":[{"href":"https:\/\/ostsee-sportspiele.de\/index.php\/wp-json\/wp\/v2\/pages"}],"about":[{"href":"https:\/\/ostsee-sportspiele.de\/index.php\/wp-json\/wp\/v2\/types\/page"}],"author":[{"embeddable":true,"href":"https:\/\/ostsee-sportspiele.de\/index.php\/wp-json\/wp\/v2\/users\/1"}],"replies":[{"embeddable":true,"href":"https:\/\/ostsee-sportspiele.de\/index.php\/wp-json\/wp\/v2\/comments?post=44"}],"version-history":[{"count":8,"href":"https:\/\/ostsee-sportspiele.de\/index.php\/wp-json\/wp\/v2\/pages\/44\/revisions"}],"predecessor-version":[{"id":276,"href":"https:\/\/ostsee-sportspiele.de\/index.php\/wp-json\/wp\/v2\/pages\/44\/revisions\/276"}],"wp:attachment":[{"href":"https:\/\/ostsee-sportspiele.de\/index.php\/wp-json\/wp\/v2\/media?parent=44"}],"curies":[{"name":"wp","href":"https:\/\/api.w.org\/{rel}","templated":true}]}}